{"id":2598,"date":"2023-04-14T07:30:51","date_gmt":"2023-04-14T07:30:51","guid":{"rendered":"https:\/\/thekats.de\/?page_id=2598"},"modified":"2023-05-01T13:41:20","modified_gmt":"2023-05-01T13:41:20","slug":"versand","status":"publish","type":"page","link":"https:\/\/thekats.de\/?page_id=2598","title":{"rendered":"Versand &#038; Info"},"content":{"rendered":"\n<p class=\"has-text-align-center\">Der Versand aller Bestellungen erfolgt mit der Deutschen Post\/ DHL.<\/p>\n\n\n\n<p class=\"has-text-align-center\">Alle Pakete werden versichert verschickt und enthalten eine Sendungsnummer. Sie erhalten automatisch  von DHL eine Versandbenachrichtigung per Email mit Sendungsverfolgung (Ausnahme: kleine Artikel, wie Mini Moneys oder Schl\u00fcsselb\u00e4nder, die als Maxibrief versendet werden) .<\/p>\n\n\n\n<p class=\"has-text-align-center\">Die Versandkosten variieren je nach Bestellsumme und Gr\u00f6\u00dfe der Artikel. Sie betragen innerhalb Deutschlands zwischen 2,50\u20ac unversichert bis hin zu 9,90\u20ac versichert. <\/p>\n\n\n\n<p class=\"has-text-align-center\">Die Lieferzeit betr\u00e4gt, je nach Nachfrage, bis zu 10 Wochen. Bitte ber\u00fccksichtigen Sie dabei, dass die Bestellung erst nach Zahlungseingang aufgenommen wird und ab da die Wartezeit l\u00e4uft (es gibt keine extra Best\u00e4tigung \u00fcber den Zahlungseingang).<\/p>\n\n\n\n<p class=\"has-text-align-center\">Wird das Paket an mich zur\u00fcck geschickt, aufgrund von Unzustellbarkeit, werden die Versandkosten erneut von mir in Rechnung gestellt.<\/p>\n\n\n\n<p class=\"has-text-align-center\"><mark style=\"background-color:rgba(0, 0, 0, 0);color:#f90f81\" class=\"has-inline-color\">The Kat&#8217;s verkauft und versendet nur innerhalb Deutschlands!<\/mark><\/p>\n\n\n\n<p class=\"has-text-align-center\">Bei Bestandskund*innen \u00fcbernimmt The Kat&#8217;s au\u00dferhalb Deutschlands keine Versandkosten im Reklamationsfall! <\/p>\n\n\n\n<p class=\"has-text-align-center\">Kein Versand und Verkauf in die Schweiz!!!<\/p>\n\n\n\n<p><\/p>\n","protected":false},"excerpt":{"rendered":"<p>Der Versand aller Bestellungen erfolgt mit der Deutschen Post\/ DHL. Alle Pakete werden versichert verschickt und enthalten eine Sendungsnummer. Sie erhalten automatisch von DHL eine Versandbenachrichtigung per Email mit Sendungsverfolgung (Ausnahme: kleine Artikel, wie Mini Moneys oder Schl\u00fcsselb\u00e4nder, die als Maxibrief versendet werden) . Die Versandkosten variieren je nach Bestellsumme und Gr\u00f6\u00dfe der Artikel. Sie betragen innerhalb Deutschlands zwischen 2,50\u20ac unversichert bis hin zu 9,90\u20ac versichert. Die Lieferzeit betr\u00e4gt, je nach Nachfrage, bis zu 10 Wochen. Bitte ber\u00fccksichtigen Sie dabei, dass die Bestellung erst nach Zahlungseingang aufgenommen wird und ab da die Wartezeit l\u00e4uft (es gibt keine extra Best\u00e4tigung \u00fcber den Zahlungseingang). Wird das Paket an mich zur\u00fcck geschickt, aufgrund von Unzustellbarkeit, werden die Versandkosten erneut von mir in Rechnung gestellt. The Kat&#8217;s verkauft und versendet nur innerhalb Deutschlands! Bei Bestandskund*innen \u00fcbernimmt The Kat&#8217;s au\u00dferhalb Deutschlands keine Versandkosten im Reklamationsfall! Kein Versand und Verkauf in die Schweiz!!!<\/p>\n","protected":false},"author":1,"featured_media":0,"parent":0,"menu_order":0,"comment_status":"closed","ping_status":"closed","template":"","meta":{"footnotes":""},"class_list":["post-2598","page","type-page","status-publish","hentry"],"acf":[],"_links":{"self":[{"href":"https:\/\/thekats.de\/index.php?rest_route=\/wp\/v2\/pages\/2598","targetHints":{"allow":["GET"]}}],"collection":[{"href":"https:\/\/thekats.de\/index.php?rest_route=\/wp\/v2\/pages"}],"about":[{"href":"https:\/\/thekats.de\/index.php?rest_route=\/wp\/v2\/types\/page"}],"author":[{"embeddable":true,"href":"https:\/\/thekats.de\/index.php?rest_route=\/wp\/v2\/users\/1"}],"replies":[{"embeddable":true,"href":"https:\/\/thekats.de\/index.php?rest_route=%2Fwp%2Fv2%2Fcomments&post=2598"}],"version-history":[{"count":4,"href":"https:\/\/thekats.de\/index.php?rest_route=\/wp\/v2\/pages\/2598\/revisions"}],"predecessor-version":[{"id":2609,"href":"https:\/\/thekats.de\/index.php?rest_route=\/wp\/v2\/pages\/2598\/revisions\/2609"}],"wp:attachment":[{"href":"https:\/\/thekats.de\/index.php?rest_route=%2Fwp%2Fv2%2Fmedia&parent=2598"}],"curies":[{"name":"wp","href":"https:\/\/api.w.org\/{rel}","templated":true}]}}