{"id":1570,"date":"2020-12-18T09:43:41","date_gmt":"2020-12-18T09:43:41","guid":{"rendered":"https:\/\/thekats.de\/willkommen-auf-https-thekats-de-2"},"modified":"2025-10-05T20:03:43","modified_gmt":"2025-10-05T20:03:43","slug":"www-thekats-de","status":"publish","type":"page","link":"https:\/\/thekats.de\/","title":{"rendered":""},"content":{"rendered":"\n<h1 class=\"wp-block-heading has-text-align-center has-white-color has-vivid-purple-background-color has-text-color has-background has-medium-font-size\">Willkommen<\/h1>\n\n\n\n<p class=\"has-text-align-center\">ICH FREUE MICH SEHR AUF EURE BESTELLUNGEN:-)<\/p>\n\n\n\n<p class=\"has-text-align-center\"><strong>THE KAT&#8217;S <\/strong>spiegelt meine Lebensfreude und die st\u00e4ndige Lust an etwas Neuem wieder. Die bunten Farben meiner handmade Bags &amp; Accessoires strahlen mein Gl\u00fcck, die Freude und Lebenslust aus.<\/p>\n\n\n\n<figure class=\"wp-block-gallery has-nested-images columns-4 is-cropped wp-block-gallery-1 is-layout-flex wp-block-gallery-is-layout-flex\">\n<figure class=\"wp-block-image size-large\"><img loading=\"lazy\" decoding=\"async\" width=\"2560\" height=\"1920\" data-id=\"1704\" src=\"https:\/\/thekats.de\/wp-content\/uploads\/2020\/12\/IMG_20200719_133149-scaled.jpg\" alt=\"\" class=\"wp-image-1704\" srcset=\"https:\/\/thekats.de\/wp-content\/uploads\/2020\/12\/IMG_20200719_133149-scaled.jpg 2560w, https:\/\/thekats.de\/wp-content\/uploads\/2020\/12\/IMG_20200719_133149-300x225.jpg 300w, https:\/\/thekats.de\/wp-content\/uploads\/2020\/12\/IMG_20200719_133149-1024x768.jpg 1024w, https:\/\/thekats.de\/wp-content\/uploads\/2020\/12\/IMG_20200719_133149-100x75.jpg 100w, https:\/\/thekats.de\/wp-content\/uploads\/2020\/12\/IMG_20200719_133149-768x576.jpg 768w, https:\/\/thekats.de\/wp-content\/uploads\/2020\/12\/IMG_20200719_133149-1536x1152.jpg 1536w, https:\/\/thekats.de\/wp-content\/uploads\/2020\/12\/IMG_20200719_133149-2048x1536.jpg 2048w, https:\/\/thekats.de\/wp-content\/uploads\/2020\/12\/IMG_20200719_133149-1140x855.jpg 1140w\" sizes=\"auto, (max-width: 2560px) 100vw, 2560px\" \/><\/figure>\n\n\n\n<figure class=\"wp-block-image size-large\"><img loading=\"lazy\" decoding=\"async\" width=\"2560\" height=\"1920\" data-id=\"1703\" src=\"https:\/\/thekats.de\/wp-content\/uploads\/2020\/12\/IMG_20200719_132848-scaled.jpg\" alt=\"\" class=\"wp-image-1703\" srcset=\"https:\/\/thekats.de\/wp-content\/uploads\/2020\/12\/IMG_20200719_132848-scaled.jpg 2560w, https:\/\/thekats.de\/wp-content\/uploads\/2020\/12\/IMG_20200719_132848-300x225.jpg 300w, https:\/\/thekats.de\/wp-content\/uploads\/2020\/12\/IMG_20200719_132848-1024x768.jpg 1024w, https:\/\/thekats.de\/wp-content\/uploads\/2020\/12\/IMG_20200719_132848-100x75.jpg 100w, https:\/\/thekats.de\/wp-content\/uploads\/2020\/12\/IMG_20200719_132848-768x576.jpg 768w, https:\/\/thekats.de\/wp-content\/uploads\/2020\/12\/IMG_20200719_132848-1536x1152.jpg 1536w, https:\/\/thekats.de\/wp-content\/uploads\/2020\/12\/IMG_20200719_132848-2048x1536.jpg 2048w, https:\/\/thekats.de\/wp-content\/uploads\/2020\/12\/IMG_20200719_132848-1140x855.jpg 1140w\" sizes=\"auto, (max-width: 2560px) 100vw, 2560px\" \/><\/figure>\n\n\n\n<figure class=\"wp-block-image size-large\"><img loading=\"lazy\" decoding=\"async\" width=\"2560\" height=\"1920\" data-id=\"1702\" src=\"https:\/\/thekats.de\/wp-content\/uploads\/2020\/12\/IMG_20200719_132720-scaled.jpg\" alt=\"\" class=\"wp-image-1702\" srcset=\"https:\/\/thekats.de\/wp-content\/uploads\/2020\/12\/IMG_20200719_132720-scaled.jpg 2560w, https:\/\/thekats.de\/wp-content\/uploads\/2020\/12\/IMG_20200719_132720-300x225.jpg 300w, https:\/\/thekats.de\/wp-content\/uploads\/2020\/12\/IMG_20200719_132720-1024x768.jpg 1024w, https:\/\/thekats.de\/wp-content\/uploads\/2020\/12\/IMG_20200719_132720-100x75.jpg 100w, https:\/\/thekats.de\/wp-content\/uploads\/2020\/12\/IMG_20200719_132720-768x576.jpg 768w, https:\/\/thekats.de\/wp-content\/uploads\/2020\/12\/IMG_20200719_132720-1536x1152.jpg 1536w, https:\/\/thekats.de\/wp-content\/uploads\/2020\/12\/IMG_20200719_132720-2048x1536.jpg 2048w, https:\/\/thekats.de\/wp-content\/uploads\/2020\/12\/IMG_20200719_132720-1140x855.jpg 1140w\" sizes=\"auto, (max-width: 2560px) 100vw, 2560px\" \/><\/figure>\n\n\n\n<figure class=\"wp-block-image size-large\"><img loading=\"lazy\" decoding=\"async\" width=\"2310\" height=\"1676\" data-id=\"1696\" src=\"https:\/\/thekats.de\/wp-content\/uploads\/2020\/12\/IMG_20200719_122111-scaled-e1608372773352.jpg\" alt=\"\" class=\"wp-image-1696\" srcset=\"https:\/\/thekats.de\/wp-content\/uploads\/2020\/12\/IMG_20200719_122111-scaled-e1608372773352.jpg 2310w, https:\/\/thekats.de\/wp-content\/uploads\/2020\/12\/IMG_20200719_122111-scaled-e1608372773352-300x218.jpg 300w, https:\/\/thekats.de\/wp-content\/uploads\/2020\/12\/IMG_20200719_122111-scaled-e1608372773352-1024x743.jpg 1024w, https:\/\/thekats.de\/wp-content\/uploads\/2020\/12\/IMG_20200719_122111-scaled-e1608372773352-100x73.jpg 100w, https:\/\/thekats.de\/wp-content\/uploads\/2020\/12\/IMG_20200719_122111-scaled-e1608372773352-768x557.jpg 768w, https:\/\/thekats.de\/wp-content\/uploads\/2020\/12\/IMG_20200719_122111-scaled-e1608372773352-1536x1114.jpg 1536w, https:\/\/thekats.de\/wp-content\/uploads\/2020\/12\/IMG_20200719_122111-scaled-e1608372773352-2048x1486.jpg 2048w, https:\/\/thekats.de\/wp-content\/uploads\/2020\/12\/IMG_20200719_122111-scaled-e1608372773352-1140x827.jpg 1140w\" sizes=\"auto, (max-width: 2310px) 100vw, 2310px\" \/><\/figure>\n\n\n\n<figure class=\"wp-block-image size-large\"><img loading=\"lazy\" decoding=\"async\" width=\"2560\" height=\"1920\" data-id=\"1699\" src=\"https:\/\/thekats.de\/wp-content\/uploads\/2020\/12\/IMG_20200719_130555-scaled.jpg\" alt=\"\" class=\"wp-image-1699\" srcset=\"https:\/\/thekats.de\/wp-content\/uploads\/2020\/12\/IMG_20200719_130555-scaled.jpg 2560w, https:\/\/thekats.de\/wp-content\/uploads\/2020\/12\/IMG_20200719_130555-300x225.jpg 300w, https:\/\/thekats.de\/wp-content\/uploads\/2020\/12\/IMG_20200719_130555-1024x768.jpg 1024w, https:\/\/thekats.de\/wp-content\/uploads\/2020\/12\/IMG_20200719_130555-100x75.jpg 100w, https:\/\/thekats.de\/wp-content\/uploads\/2020\/12\/IMG_20200719_130555-768x576.jpg 768w, https:\/\/thekats.de\/wp-content\/uploads\/2020\/12\/IMG_20200719_130555-1536x1152.jpg 1536w, https:\/\/thekats.de\/wp-content\/uploads\/2020\/12\/IMG_20200719_130555-2048x1536.jpg 2048w, https:\/\/thekats.de\/wp-content\/uploads\/2020\/12\/IMG_20200719_130555-1140x855.jpg 1140w\" sizes=\"auto, (max-width: 2560px) 100vw, 2560px\" \/><\/figure>\n\n\n\n<figure class=\"wp-block-image size-large\"><img loading=\"lazy\" decoding=\"async\" width=\"2560\" height=\"1920\" data-id=\"1700\" src=\"https:\/\/thekats.de\/wp-content\/uploads\/2020\/12\/IMG_20200719_131622-scaled.jpg\" alt=\"\" class=\"wp-image-1700\" srcset=\"https:\/\/thekats.de\/wp-content\/uploads\/2020\/12\/IMG_20200719_131622-scaled.jpg 2560w, https:\/\/thekats.de\/wp-content\/uploads\/2020\/12\/IMG_20200719_131622-300x225.jpg 300w, https:\/\/thekats.de\/wp-content\/uploads\/2020\/12\/IMG_20200719_131622-1024x768.jpg 1024w, https:\/\/thekats.de\/wp-content\/uploads\/2020\/12\/IMG_20200719_131622-100x75.jpg 100w, https:\/\/thekats.de\/wp-content\/uploads\/2020\/12\/IMG_20200719_131622-768x576.jpg 768w, https:\/\/thekats.de\/wp-content\/uploads\/2020\/12\/IMG_20200719_131622-1536x1152.jpg 1536w, https:\/\/thekats.de\/wp-content\/uploads\/2020\/12\/IMG_20200719_131622-2048x1536.jpg 2048w, https:\/\/thekats.de\/wp-content\/uploads\/2020\/12\/IMG_20200719_131622-1140x855.jpg 1140w\" sizes=\"auto, (max-width: 2560px) 100vw, 2560px\" \/><\/figure>\n\n\n\n<figure class=\"wp-block-image size-large\"><img loading=\"lazy\" decoding=\"async\" width=\"2560\" height=\"1920\" data-id=\"1698\" src=\"https:\/\/thekats.de\/wp-content\/uploads\/2020\/12\/IMG_20200719_125950-scaled.jpg\" alt=\"\" class=\"wp-image-1698\" srcset=\"https:\/\/thekats.de\/wp-content\/uploads\/2020\/12\/IMG_20200719_125950-scaled.jpg 2560w, https:\/\/thekats.de\/wp-content\/uploads\/2020\/12\/IMG_20200719_125950-300x225.jpg 300w, https:\/\/thekats.de\/wp-content\/uploads\/2020\/12\/IMG_20200719_125950-1024x768.jpg 1024w, https:\/\/thekats.de\/wp-content\/uploads\/2020\/12\/IMG_20200719_125950-100x75.jpg 100w, https:\/\/thekats.de\/wp-content\/uploads\/2020\/12\/IMG_20200719_125950-768x576.jpg 768w, https:\/\/thekats.de\/wp-content\/uploads\/2020\/12\/IMG_20200719_125950-1536x1152.jpg 1536w, https:\/\/thekats.de\/wp-content\/uploads\/2020\/12\/IMG_20200719_125950-2048x1536.jpg 2048w, https:\/\/thekats.de\/wp-content\/uploads\/2020\/12\/IMG_20200719_125950-1140x855.jpg 1140w\" sizes=\"auto, (max-width: 2560px) 100vw, 2560px\" \/><\/figure>\n\n\n\n<figure class=\"wp-block-image size-large\"><img loading=\"lazy\" decoding=\"async\" width=\"1499\" height=\"1499\" data-id=\"1697\" src=\"https:\/\/thekats.de\/wp-content\/uploads\/2020\/12\/IMG_20200719_125543-scaled-e1608402641432.jpg\" alt=\"\" class=\"wp-image-1697\" srcset=\"https:\/\/thekats.de\/wp-content\/uploads\/2020\/12\/IMG_20200719_125543-scaled-e1608402641432.jpg 1499w, https:\/\/thekats.de\/wp-content\/uploads\/2020\/12\/IMG_20200719_125543-scaled-e1608402641432-300x300.jpg 300w, https:\/\/thekats.de\/wp-content\/uploads\/2020\/12\/IMG_20200719_125543-scaled-e1608402641432-1024x1024.jpg 1024w, https:\/\/thekats.de\/wp-content\/uploads\/2020\/12\/IMG_20200719_125543-scaled-e1608402641432-100x100.jpg 100w, https:\/\/thekats.de\/wp-content\/uploads\/2020\/12\/IMG_20200719_125543-scaled-e1608402641432-768x768.jpg 768w, https:\/\/thekats.de\/wp-content\/uploads\/2020\/12\/IMG_20200719_125543-scaled-e1608402641432-1140x1140.jpg 1140w, https:\/\/thekats.de\/wp-content\/uploads\/2020\/12\/IMG_20200719_125543-scaled-e1608402641432-75x75.jpg 75w, https:\/\/thekats.de\/wp-content\/uploads\/2020\/12\/IMG_20200719_125543-scaled-e1608402641432-144x144.jpg 144w\" sizes=\"auto, (max-width: 1499px) 100vw, 1499px\" \/><\/figure>\n<\/figure>\n\n\n\n<p><\/p>\n\n\n\n<figure class=\"wp-block-gallery aligncenter has-nested-images columns-default is-cropped wp-block-gallery-2 is-layout-flex wp-block-gallery-is-layout-flex\"><\/figure>\n\n\n\n<p class=\"has-text-align-center\"><\/p>\n\n\n\n<h2 class=\"wp-block-heading has-text-align-center has-black-color has-white-background-color has-text-color has-background has-large-font-size\">Warum The Kat&#8217;s!<\/h2>\n\n\n<div class=\"wp-block-image\">\n<figure class=\"aligncenter is-resized\"><img decoding=\"async\" src=\"https:\/\/thekats.de\/wp-content\/uploads\/2020\/12\/120196334_678584642782470_4980298502475037116_n-300x300.jpg\" alt=\"\" style=\"width:225px;height:225px\"\/><\/figure>\n<\/div>\n\n\n<p class=\"has-text-align-center\">Meine Taschen sind alle handgefertigt und werden individuell von meinen Kund*innen gestaltet und angefertigt. Sie passen perfekt, aufgrund der flexiblen Farbgestaltung, zu jedem Outfit, ob sportlich oder elegant.<\/p>\n\n\n\n<p class=\"has-text-align-center\">Sollte nichts f\u00fcr Sie unter meinen <a href=\"https:\/\/thekats.de\/products\">Produkten<\/a> dabei sein, helfe ich Ihnen sehr gerne, die f\u00fcr Sie perfekte Tasche zu finden und zu gestalten. Schreiben Sie mir gerne eine Email und schauen Sie sich meine Produkte auch auf <a href=\"http:\/\/www.instagram.com\/thekatsdesign\">Instagram<\/a> an.<\/p>\n\n\n\n<p class=\"has-text-align-center\">WICHTIG: Meine Taschen und Accessoires sind nicht vorr\u00e4tig. Sie werden nach Kundenwunsch mit einer Wartezeit von 4-6 Wochen, aufgrund der hohen Nachfrage, individuell angefertigt. Somit besteht nach Anfertigung kein Widerrufsrecht, da meine Produkte speziell auf Wunsch hergestellt werden. Dies gilt auch f\u00fcr Taschen anhand meiner Beispiele auf den Fotos.<\/p>\n\n\n\n<p><\/p>\n\n\n\n<p class=\"has-text-align-center\"><mark style=\"background-color:rgba(0, 0, 0, 0);color:#f91b83\" class=\"has-inline-color\">The Kat\u2019s verkauft und versendet nur innerhalb Deutschlands! <\/mark><\/p>\n\n\n\n<h2 class=\"wp-block-heading has-text-align-center has-black-color has-white-background-color has-text-color has-background has-large-font-size\">Sie m\u00f6chten bestellen?<\/h2>\n\n\n\n<figure class=\"wp-block-image size-large\"><img loading=\"lazy\" decoding=\"async\" width=\"1024\" height=\"683\" src=\"https:\/\/thekats.de\/wp-content\/uploads\/2020\/12\/iStock-1033765900-1024x683.jpg\" alt=\"\" class=\"wp-image-1918\" srcset=\"https:\/\/thekats.de\/wp-content\/uploads\/2020\/12\/iStock-1033765900-1024x683.jpg 1024w, https:\/\/thekats.de\/wp-content\/uploads\/2020\/12\/iStock-1033765900-300x200.jpg 300w, https:\/\/thekats.de\/wp-content\/uploads\/2020\/12\/iStock-1033765900-100x67.jpg 100w, https:\/\/thekats.de\/wp-content\/uploads\/2020\/12\/iStock-1033765900-768x513.jpg 768w, https:\/\/thekats.de\/wp-content\/uploads\/2020\/12\/iStock-1033765900-1536x1025.jpg 1536w, https:\/\/thekats.de\/wp-content\/uploads\/2020\/12\/iStock-1033765900-2048x1367.jpg 2048w, https:\/\/thekats.de\/wp-content\/uploads\/2020\/12\/iStock-1033765900-1140x761.jpg 1140w\" sizes=\"auto, (max-width: 1024px) 100vw, 1024px\" \/><\/figure>\n\n\n\n<p class=\"has-text-align-center\">Schreiben Sie mir einfach eine Email an design@thekats.de<\/p>\n\n\n\n<p class=\"has-text-align-center\">Folgende Informationen ben\u00f6tige ich von Ihnen: Ihren Farbwunsch anhand von Fotos (von zB. bereits hergestellten Taschen), das Gr\u00f6\u00dfenmodel und die Nummern von Innenfutter, Rei\u00dfverschluss und Gurtband .<\/p>\n\n\n\n<p class=\"has-text-align-center\">Wichtig f\u00fcr jede Bestellung, um diese aufnehmen zu k\u00f6nnen, ben\u00f6tige ich nat\u00fcrlich auch Ihre volle Anschrift.<\/p>\n\n\n\n<p class=\"has-text-align-center\">(am besten mit zus\u00e4tzlichen Fotos)<\/p>\n\n\n\n<p class=\"has-text-align-center\"><mark style=\"background-color:rgba(0, 0, 0, 0);color:#f91b83\" class=\"has-inline-color\">The Kat\u2019s verkauft und versendet nur innerhalb Deutschlands!<\/mark><\/p>\n\n\n\n<h2 class=\"wp-block-heading has-text-align-center\">SEHR hohe Nachfrage!!<\/h2>\n\n\n\n<h2 class=\"wp-block-heading has-text-align-center has-black-color has-white-background-color has-text-color has-background has-large-font-size\">Wartezeit<\/h2>\n\n\n<div class=\"wp-block-image\">\n<figure class=\"aligncenter is-resized\"><img decoding=\"async\" src=\"https:\/\/thekats.de\/wp-content\/uploads\/2021\/04\/wecker-the-kats.png\" alt=\"\" style=\"width:270px;height:270px\"\/><\/figure>\n<\/div>\n\n\n<h2 class=\"wp-block-heading has-text-align-center has-medium-font-size\">Gut Ding will Weile haben!<\/h2>\n\n\n\n<p class=\"has-text-align-center\">Aufgrund der hohen Nachfrage habe ich derzeit eine Wartezeit von ca. 2-6 Wochen.<\/p>\n\n\n\n<p><\/p>\n\n\n\n<h2 class=\"wp-block-heading has-text-align-center has-black-color has-white-background-color has-text-color has-background has-large-font-size\">Gutschein<\/h2>\n\n\n<div class=\"wp-block-image\">\n<figure class=\"aligncenter size-full\"><img loading=\"lazy\" decoding=\"async\" width=\"597\" height=\"391\" src=\"https:\/\/thekats.de\/wp-content\/uploads\/2020\/12\/Screenshot_2020-12-20-THE-KATs-thekatsdesign-\u2022-Instagram-Fotos-und-Videos.png\" alt=\"\" class=\"wp-image-1926\" srcset=\"https:\/\/thekats.de\/wp-content\/uploads\/2020\/12\/Screenshot_2020-12-20-THE-KATs-thekatsdesign-\u2022-Instagram-Fotos-und-Videos.png 597w, https:\/\/thekats.de\/wp-content\/uploads\/2020\/12\/Screenshot_2020-12-20-THE-KATs-thekatsdesign-\u2022-Instagram-Fotos-und-Videos-300x196.png 300w, https:\/\/thekats.de\/wp-content\/uploads\/2020\/12\/Screenshot_2020-12-20-THE-KATs-thekatsdesign-\u2022-Instagram-Fotos-und-Videos-100x65.png 100w\" sizes=\"auto, (max-width: 597px) 100vw, 597px\" \/><\/figure>\n<\/div>\n\n\n<h2 class=\"wp-block-heading has-text-align-center has-medium-font-size\">Surprise, Surprise&#8230;<\/h2>\n\n\n\n<p class=\"has-text-align-center\">M\u00f6chten Sie Ihren Liebsten, Ihrem Herzensmenschen oder Freundin eine Freude machen und sind sich aber nicht sicher welches meiner Produkte das Richtige ist, k\u00f6nnen Sie auch gerne Gutscheine mit Wunschwert bei mir bestellen.<br><br>2,50\u20ac inkl. Versand des Gutscheins <\/p>\n","protected":false},"excerpt":{"rendered":"<p>Willkommen ICH FREUE MICH SEHR AUF EURE BESTELLUNGEN:-) THE KAT&#8217;S spiegelt meine Lebensfreude und die st\u00e4ndige Lust an etwas Neuem wieder. Die bunten Farben meiner handmade Bags &amp; Accessoires strahlen mein Gl\u00fcck, die Freude und Lebenslust aus. Warum The Kat&#8217;s! Meine Taschen sind alle handgefertigt und werden individuell von meinen Kund*innen gestaltet und angefertigt. Sie passen perfekt, aufgrund der flexiblen Farbgestaltung, zu jedem Outfit, ob sportlich oder elegant. Sollte nichts f\u00fcr Sie unter meinen Produkten dabei sein, helfe ich Ihnen sehr gerne, die f\u00fcr Sie perfekte Tasche zu finden und zu gestalten. Schreiben Sie mir gerne eine Email und schauen Sie sich meine Produkte auch auf Instagram an. WICHTIG: Meine Taschen und Accessoires sind nicht vorr\u00e4tig. Sie werden nach Kundenwunsch mit einer Wartezeit von 4-6 Wochen, aufgrund der hohen Nachfrage, individuell angefertigt. Somit besteht nach Anfertigung kein Widerrufsrecht, da meine Produkte speziell auf Wunsch hergestellt werden. Dies gilt auch f\u00fcr Taschen anhand meiner Beispiele auf den Fotos. The Kat\u2019s verkauft und versendet nur innerhalb Deutschlands! Sie m\u00f6chten bestellen? Schreiben Sie mir einfach eine Email an design@thekats.de Folgende Informationen ben\u00f6tige ich von Ihnen: Ihren Farbwunsch anhand von Fotos (von zB. bereits hergestellten Taschen), das Gr\u00f6\u00dfenmodel und die Nummern von Innenfutter, Rei\u00dfverschluss und Gurtband . Wichtig f\u00fcr jede Bestellung, um diese aufnehmen zu k\u00f6nnen, ben\u00f6tige ich nat\u00fcrlich auch Ihre volle Anschrift. (am besten mit zus\u00e4tzlichen Fotos) The Kat\u2019s verkauft und versendet nur innerhalb Deutschlands! SEHR hohe Nachfrage!! Wartezeit Gut Ding will Weile haben! Aufgrund der hohen Nachfrage habe ich derzeit eine Wartezeit von ca. 2-6 Wochen. Gutschein Surprise, Surprise&#8230; M\u00f6chten Sie Ihren Liebsten, Ihrem Herzensmenschen oder Freundin eine Freude machen und sind sich aber nicht sicher welches meiner Produkte das Richtige ist, k\u00f6nnen Sie auch gerne Gutscheine mit Wunschwert bei mir bestellen. 2,50\u20ac inkl. Versand des Gutscheins<\/p>\n","protected":false},"author":1,"featured_media":0,"parent":0,"menu_order":0,"comment_status":"closed","ping_status":"open","template":"","meta":{"footnotes":""},"class_list":["post-1570","page","type-page","status-publish","hentry"],"acf":[],"_links":{"self":[{"href":"https:\/\/thekats.de\/index.php?rest_route=\/wp\/v2\/pages\/1570","targetHints":{"allow":["GET"]}}],"collection":[{"href":"https:\/\/thekats.de\/index.php?rest_route=\/wp\/v2\/pages"}],"about":[{"href":"https:\/\/thekats.de\/index.php?rest_route=\/wp\/v2\/types\/page"}],"author":[{"embeddable":true,"href":"https:\/\/thekats.de\/index.php?rest_route=\/wp\/v2\/users\/1"}],"replies":[{"embeddable":true,"href":"https:\/\/thekats.de\/index.php?rest_route=%2Fwp%2Fv2%2Fcomments&post=1570"}],"version-history":[{"count":153,"href":"https:\/\/thekats.de\/index.php?rest_route=\/wp\/v2\/pages\/1570\/revisions"}],"predecessor-version":[{"id":2704,"href":"https:\/\/thekats.de\/index.php?rest_route=\/wp\/v2\/pages\/1570\/revisions\/2704"}],"wp:attachment":[{"href":"https:\/\/thekats.de\/index.php?rest_route=%2Fwp%2Fv2%2Fmedia&parent=1570"}],"curies":[{"name":"wp","href":"https:\/\/api.w.org\/{rel}","templated":true}]}}