{"id":1407,"date":"2020-10-20T16:37:09","date_gmt":"2020-10-20T16:37:09","guid":{"rendered":"https:\/\/thekats.de\/?page_id=1407"},"modified":"2023-04-14T07:37:08","modified_gmt":"2023-04-14T07:37:08","slug":"impressum","status":"publish","type":"page","link":"https:\/\/thekats.de\/?page_id=1407","title":{"rendered":"IMPRESSUM"},"content":{"rendered":"\n<p><strong>THE KAT&#8217;s DESIGN &amp; ACCESSOIRES<\/strong><\/p>\n\n\n\n<p>Katja Loibl, Staufer-Ring 2b, 85250 Altom\u00fcnster<\/p>\n\n\n\n<p>Email: design@thekats.de<\/p>\n\n\n\n<p>www.instagram.com\/thekatsdesign<\/p>\n\n\n\n<p>www.facebook.com\/thekatsdesign<\/p>\n\n\n\n<p>Bei der o.g. Adresse gibt es keinen Direktverkauf. Der Verkauf findet nur \u00fcber den Versandweg statt.<\/p>\n\n\n\n<p>F\u00fcr meine individuell hergestellten Waren besteht kein Widerrufsrecht!<\/p>\n\n\n\n<p>Trotz ordentlicher inhaltlicher \u00dcberpr\u00fcfung \u00fcbernehme ich keine Haftung f\u00fcr die Inhalte meiner Links. F\u00fcr den Inhalt der verlinkten Seiten sind ausschlie\u00dflich deren Betreiber verantwortlich. <\/p>\n\n\n\n<p>Steuernummer 107\/246\/20979<\/p>\n","protected":false},"excerpt":{"rendered":"<p>THE KAT&#8217;s DESIGN &amp; ACCESSOIRES Email: design@thekats.de www.instagram.com\/thekatsdesign www.facebook.com\/thekatsdesign Bei der o.g. Adresse gibt es keinen Direktverkauf. Der Verkauf findet nur \u00fcber den Versandweg statt. F\u00fcr meine individuell hergestellten Waren besteht kein Widerrufsrecht! Trotz ordentlicher inhaltlicher \u00dcberpr\u00fcfung \u00fcbernehme ich keine Haftung f\u00fcr die Inhalte meiner Links. F\u00fcr den Inhalt der verlinkten Seiten sind ausschlie\u00dflich deren Betreiber verantwortlich. Steuernummer 107\/246\/20979<\/p>\n","protected":false},"author":1,"featured_media":0,"parent":0,"menu_order":0,"comment_status":"closed","ping_status":"closed","template":"","meta":{"footnotes":""},"class_list":["post-1407","page","type-page","status-publish","hentry"],"acf":[],"_links":{"self":[{"href":"https:\/\/thekats.de\/index.php?rest_route=\/wp\/v2\/pages\/1407","targetHints":{"allow":["GET"]}}],"collection":[{"href":"https:\/\/thekats.de\/index.php?rest_route=\/wp\/v2\/pages"}],"about":[{"href":"https:\/\/thekats.de\/index.php?rest_route=\/wp\/v2\/types\/page"}],"author":[{"embeddable":true,"href":"https:\/\/thekats.de\/index.php?rest_route=\/wp\/v2\/users\/1"}],"replies":[{"embeddable":true,"href":"https:\/\/thekats.de\/index.php?rest_route=%2Fwp%2Fv2%2Fcomments&post=1407"}],"version-history":[{"count":4,"href":"https:\/\/thekats.de\/index.php?rest_route=\/wp\/v2\/pages\/1407\/revisions"}],"predecessor-version":[{"id":2604,"href":"https:\/\/thekats.de\/index.php?rest_route=\/wp\/v2\/pages\/1407\/revisions\/2604"}],"wp:attachment":[{"href":"https:\/\/thekats.de\/index.php?rest_route=%2Fwp%2Fv2%2Fmedia&parent=1407"}],"curies":[{"name":"wp","href":"https:\/\/api.w.org\/{rel}","templated":true}]}}