{"id":129,"date":"2019-09-08T10:27:36","date_gmt":"2019-09-08T10:27:36","guid":{"rendered":"https:\/\/thekats.de\/?page_id=129"},"modified":"2022-07-07T10:21:37","modified_gmt":"2022-07-07T10:21:37","slug":"about-me","status":"publish","type":"page","link":"https:\/\/thekats.de\/?page_id=129","title":{"rendered":""},"content":{"rendered":"<h1 style=\"text-align: center;\">\u00a0 ABOUT THE KAT&#8217;S<\/h1>\n<p>\u00a0<\/p>\n\n<div class=\"wp-block-image\">\n<figure class=\"aligncenter size-large is-resized\"><img loading=\"lazy\" decoding=\"async\" src=\"https:\/\/thekats.de\/wp-content\/uploads\/2020\/05\/91288890_2513122788949128_1179191382942133409_n-300x300.jpg\" alt=\"\" class=\"wp-image-1246\" width=\"409\" height=\"400\"\/><\/figure>\n<\/div>\n\n<p><\/p>\n<p style=\"text-align: center;\">Meine Handtaschen und Accessoires passen perfekt, aufgrund der flexiblen Farbgestaltung, zu jedem Outfit, ob sportlich oder elegant. Sie sind handgefertigt und werden von mir auf Bestellung gen\u00e4ht. Sollte dir also eines meiner Modelle gefallen, schreib mir doch einfach eine Email an <a href=\"mailto:design@thekats.de\">design@thekats.de<\/a>, besuch mich auf meinen Seiten bei Facebook oder <a href=\"http:\/\/www.instagram.com\/thekatsdesign\">Instagram<\/a>.<\/p>\n<p style=\"text-align: center;\"><!-- \/wp:post-content --><\/p>\n<p style=\"text-align: center;\"><!-- wp:paragraph {\"align\":\"center\",\"editorskit\":{\"devices\":false,\"desktop\":true,\"tablet\":true,\"mobile\":true,\"loggedin\":true,\"loggedout\":true,\"acf_visibility\":\"\",\"acf_field\":\"\",\"acf_condition\":\"\",\"acf_value\":\"\",\"migrated\":false,\"unit_test\":false}} --><\/p>\n<p style=\"text-align: center;\"><strong>THE KAT&#8217;S <\/strong>spiegelt meine Lebensfreude und die st\u00e4ndige Lust an etwas Neuem wieder. Die bunten Farben meiner Bags &amp; Accessoires strahlen mein Gl\u00fcck, die Freude und Lebenslust aus.<\/p>\n<p style=\"text-align: center;\"><!-- \/wp:paragraph --><\/p>\n<p style=\"text-align: center;\"><!-- wp:paragraph {\"align\":\"center\",\"editorskit\":{\"devices\":false,\"desktop\":true,\"tablet\":true,\"mobile\":true,\"loggedin\":true,\"loggedout\":true,\"acf_visibility\":\"\",\"acf_field\":\"\",\"acf_condition\":\"\",\"acf_value\":\"\",\"migrated\":false,\"unit_test\":false}} --><\/p>\n<p style=\"text-align: center;\">Zu meiner Person, mein Name ist <strong>KATJA<\/strong>, ich bin Flugbegleiterin und reise um die ganze Welt. Vor einiger Zeit habe ich neben der Fliegerei und dem Reisen, meine Leidenschaft zum N\u00e4hen und Designen entdeckt. Ich habe gro\u00dfe Freude daran immer wieder Neues zu entdecken und zu entwerfen um Menschen mit meinen Taschen und Accessoires gl\u00fccklich zu machen und um diese an meiner Lebensfreude teilhaben zu lassen.<\/p>\n<p style=\"text-align: center;\"><!-- \/wp:paragraph --><\/p>\n<p style=\"text-align: center;\"><!-- wp:paragraph {\"align\":\"center\",\"editorskit\":{\"devices\":false,\"desktop\":true,\"tablet\":true,\"mobile\":true,\"loggedin\":true,\"loggedout\":true,\"acf_visibility\":\"\",\"acf_field\":\"\",\"acf_condition\":\"\",\"acf_value\":\"\",\"migrated\":false,\"unit_test\":false}} --><\/p>\n<p style=\"text-align: center;\">&nbsp;Mein Label begleitet mich nun schon seit Jahren auf all meinen Reisen und poste die besten Bilder von den sch\u00f6nsten Orten auf der Welt. Egal welche Reise, ob beruflich oder privat, ob mit Koffer in die gr\u00f6\u00dften Metropolen der Welt oder zu Fu\u00df mit Rucksack zum Basislager des Mount Everest, ich habe immer einen Platz f\u00fcr eine meiner Taschen oder meiner Accessoires.&nbsp;<\/p>","protected":false},"excerpt":{"rendered":"<p>\u00a0 ABOUT THE KAT&#8217;S \u00a0 Meine Handtaschen und Accessoires passen perfekt, aufgrund der flexiblen Farbgestaltung, zu jedem Outfit, ob sportlich oder elegant. Sie sind handgefertigt und werden von mir auf Bestellung gen\u00e4ht. Sollte dir also eines meiner Modelle gefallen, schreib mir doch einfach eine Email an design@thekats.de, besuch mich auf meinen Seiten bei Facebook oder Instagram. THE KAT&#8217;S spiegelt meine Lebensfreude und die st\u00e4ndige Lust an etwas Neuem wieder. Die bunten Farben meiner Bags &amp; Accessoires strahlen mein Gl\u00fcck, die Freude und Lebenslust aus. Zu meiner Person, mein Name ist KATJA, ich bin Flugbegleiterin und reise um die ganze Welt. Vor einiger Zeit habe ich neben der Fliegerei und dem Reisen, meine Leidenschaft zum N\u00e4hen und Designen entdeckt. Ich habe gro\u00dfe Freude daran immer wieder Neues zu entdecken und zu entwerfen um Menschen mit meinen Taschen und Accessoires gl\u00fccklich zu machen und um diese an meiner Lebensfreude teilhaben zu lassen. &nbsp;Mein Label begleitet mich nun schon seit Jahren auf all meinen Reisen und poste die besten Bilder von den sch\u00f6nsten Orten auf der Welt. Egal welche Reise, ob beruflich oder privat, ob mit Koffer in die gr\u00f6\u00dften Metropolen der Welt oder zu Fu\u00df mit Rucksack zum Basislager des Mount Everest, ich habe immer einen Platz f\u00fcr eine meiner Taschen oder meiner Accessoires.&nbsp;<\/p>\n","protected":false},"author":1,"featured_media":0,"parent":0,"menu_order":0,"comment_status":"closed","ping_status":"closed","template":"","meta":{"footnotes":""},"class_list":["post-129","page","type-page","status-publish","hentry"],"acf":[],"_links":{"self":[{"href":"https:\/\/thekats.de\/index.php?rest_route=\/wp\/v2\/pages\/129","targetHints":{"allow":["GET"]}}],"collection":[{"href":"https:\/\/thekats.de\/index.php?rest_route=\/wp\/v2\/pages"}],"about":[{"href":"https:\/\/thekats.de\/index.php?rest_route=\/wp\/v2\/types\/page"}],"author":[{"embeddable":true,"href":"https:\/\/thekats.de\/index.php?rest_route=\/wp\/v2\/users\/1"}],"replies":[{"embeddable":true,"href":"https:\/\/thekats.de\/index.php?rest_route=%2Fwp%2Fv2%2Fcomments&post=129"}],"version-history":[{"count":66,"href":"https:\/\/thekats.de\/index.php?rest_route=\/wp\/v2\/pages\/129\/revisions"}],"predecessor-version":[{"id":2414,"href":"https:\/\/thekats.de\/index.php?rest_route=\/wp\/v2\/pages\/129\/revisions\/2414"}],"wp:attachment":[{"href":"https:\/\/thekats.de\/index.php?rest_route=%2Fwp%2Fv2%2Fmedia&parent=129"}],"curies":[{"name":"wp","href":"https:\/\/api.w.org\/{rel}","templated":true}]}}